{"id":9,"date":"2026-01-26T15:55:00","date_gmt":"2026-01-26T15:55:00","guid":{"rendered":"https:\/\/barelcanal.rkinformatika.online\/?page_id=9"},"modified":"2026-01-28T16:25:33","modified_gmt":"2026-01-28T16:25:33","slug":"inicio","status":"publish","type":"page","link":"https:\/\/barelcanal.com\/eu\/","title":{"rendered":"Hasiera"},"content":{"rendered":"<div data-elementor-type=\"wp-page\" data-elementor-id=\"9\" class=\"elementor elementor-9\" data-elementor-post-type=\"page\">\n\t\t\t\t<div class=\"elementor-element elementor-element-013a83d e-con-full animated-slow e-flex elementor-invisible e-con e-parent\" data-id=\"013a83d\" data-element_type=\"container\" data-e-type=\"container\" data-settings=\"{&quot;background_background&quot;:&quot;classic&quot;,&quot;animation&quot;:&quot;zoomIn&quot;}\">\n\t\t\t\t<\/div>\n\t\t<div class=\"elementor-element elementor-element-10626fd e-flex e-con-boxed e-con e-parent\" data-id=\"10626fd\" data-element_type=\"container\" data-e-type=\"container\">\n\t\t\t\t\t<div class=\"e-con-inner\">\n\t\t<div class=\"elementor-element elementor-element-585f62c e-con-full animated-slow e-flex elementor-invisible e-con e-child\" data-id=\"585f62c\" data-element_type=\"container\" data-e-type=\"container\" data-settings=\"{&quot;animation&quot;:&quot;fadeInLeft&quot;}\">\n\t\t\t\t<div class=\"elementor-element elementor-element-ab78d22 elementor-widget elementor-widget-heading\" data-id=\"ab78d22\" data-element_type=\"widget\" data-e-type=\"widget\" data-widget_type=\"heading.default\">\n\t\t\t\t\t<h2 class=\"elementor-heading-title elementor-size-default\">Honelakoak gara:<\/h2>\t\t\t\t<\/div>\n\t\t\t\t<div class=\"elementor-element elementor-element-e0d3656 elementor-widget elementor-widget-text-editor\" data-id=\"e0d3656\" data-element_type=\"widget\" data-e-type=\"widget\" data-widget_type=\"text-editor.default\">\n\t\t\t\t\t\t\t\t\t<p>40 urte baino gehiagoko historia duen estalki taberna, tradizioa, hurbiltasuna eta giro ona nahasten diren topalekua. Hasiera-hasieratik erreferentziazko puntua izan gara une atsegin batez gozatu nahi dutenentzat, dela geldialdi azkar baterako, dela presarik gabe partekatzeko.<\/p><p>Duela hiru urte lokala berritu genuen, itxura gaurkotuagoa eta abegikorragoa emateko, hamarkadetan zehar lagun izan dugun esentzia bere horretan mantenduz. Kalitatearen, gertuko tratuaren eta familia giroaren alde egiten jarraitzen dugu, beti itzultzeko gogoa sortzen baitu.<\/p>\t\t\t\t\t\t\t\t<\/div>\n\t\t\t\t<div class=\"elementor-element elementor-element-638f24f elementor-align-left elementor-widget elementor-widget-button\" data-id=\"638f24f\" data-element_type=\"widget\" data-e-type=\"widget\" data-widget_type=\"button.default\">\n\t\t\t\t\t\t\t\t\t\t<a class=\"elementor-button elementor-button-link elementor-size-sm\" href=\"https:\/\/barelcanal.com\/eu\/servicios\/\">\n\t\t\t\t\t\t<span class=\"elementor-button-content-wrapper\">\n\t\t\t\t\t\t\t\t\t<span class=\"elementor-button-text\">Zerbitzuak<\/span>\n\t\t\t\t\t<\/span>\n\t\t\t\t\t<\/a>\n\t\t\t\t\t\t\t\t<\/div>\n\t\t\t\t<\/div>\n\t\t<div class=\"elementor-element elementor-element-6a332c4 e-con-full animated-slow e-flex elementor-invisible e-con e-child\" data-id=\"6a332c4\" data-element_type=\"container\" data-e-type=\"container\" data-settings=\"{&quot;animation&quot;:&quot;fadeInRight&quot;}\">\n\t\t\t\t<div class=\"elementor-element elementor-element-4d246e2 elementor-widget__width-initial elementor-widget elementor-widget-image\" data-id=\"4d246e2\" data-element_type=\"widget\" data-e-type=\"widget\" data-widget_type=\"image.default\">\n\t\t\t\t\t\t\t\t\t\t\t\t\t\t\t<img fetchpriority=\"high\" decoding=\"async\" width=\"2016\" height=\"1512\" src=\"https:\/\/barelcanal.com\/wp-content\/uploads\/2026\/01\/WhatsApp-Image-2026-01-28-at-14.15.24.jpeg\" class=\"attachment-full size-full wp-image-313\" alt=\"\" srcset=\"https:\/\/barelcanal.com\/wp-content\/uploads\/2026\/01\/WhatsApp-Image-2026-01-28-at-14.15.24.jpeg 2016w, https:\/\/barelcanal.com\/wp-content\/uploads\/2026\/01\/WhatsApp-Image-2026-01-28-at-14.15.24-300x225.jpeg 300w, https:\/\/barelcanal.com\/wp-content\/uploads\/2026\/01\/WhatsApp-Image-2026-01-28-at-14.15.24-1024x768.jpeg 1024w, https:\/\/barelcanal.com\/wp-content\/uploads\/2026\/01\/WhatsApp-Image-2026-01-28-at-14.15.24-768x576.jpeg 768w, https:\/\/barelcanal.com\/wp-content\/uploads\/2026\/01\/WhatsApp-Image-2026-01-28-at-14.15.24-1536x1152.jpeg 1536w, https:\/\/barelcanal.com\/wp-content\/uploads\/2026\/01\/WhatsApp-Image-2026-01-28-at-14.15.24-16x12.jpeg 16w\" sizes=\"(max-width: 2016px) 100vw, 2016px\" \/>\t\t\t\t\t\t\t\t\t\t\t\t\t\t\t<\/div>\n\t\t\t\t<\/div>\n\t\t\t\t\t<\/div>\n\t\t\t\t<\/div>\n\t\t<div class=\"elementor-element elementor-element-6be1a34 animated-slow e-flex e-con-boxed elementor-invisible e-con e-parent\" data-id=\"6be1a34\" data-element_type=\"container\" data-e-type=\"container\" data-settings=\"{&quot;background_background&quot;:&quot;video&quot;,&quot;background_video_link&quot;:&quot;https:\\\/\\\/barelcanal.com\\\/wp-content\\\/uploads\\\/2026\\\/01\\\/7000092_Motion_Graphics_Animation_1280x720.mp4&quot;,&quot;background_play_on_mobile&quot;:&quot;yes&quot;,&quot;animation&quot;:&quot;fadeInUp&quot;}\">\n\t\t\t\t\t<div class=\"e-con-inner\">\n\t\t<div class=\"elementor-background-video-container\">\n\t\t\t\t\t\t\t<video class=\"elementor-background-video-hosted\" role=\"presentation\" autoplay muted playsinline loop><\/video>\n\t\t\t\t\t<\/div>\t\t<div class=\"elementor-element elementor-element-35acfec animated-slow elementor-invisible elementor-widget elementor-widget-heading\" data-id=\"35acfec\" data-element_type=\"widget\" data-e-type=\"widget\" data-settings=\"{&quot;_animation&quot;:&quot;zoomIn&quot;}\" data-widget_type=\"heading.default\">\n\t\t\t\t\t<h2 class=\"elementor-heading-title elementor-size-default\">Gogoratu: garagardoarekin ez dago tristurarik<\/h2>\t\t\t\t<\/div>\n\t\t\t\t\t<\/div>\n\t\t\t\t<\/div>\n\t\t\t\t<\/div>","protected":false},"excerpt":{"rendered":"<p>As\u00ed somos: Un bar de tapas con m\u00e1s de 40 a\u00f1os de historia, un lugar de encuentro donde se mezclan tradici\u00f3n, cercan\u00eda y buen ambiente. Desde nuestros inicios hemos sido un punto de referencia para quienes buscan disfrutar de un rato agradable, ya sea para una parada r\u00e1pida o para compartir sin prisas. Hace tres [&hellip;]<\/p>\n","protected":false},"author":1,"featured_media":0,"parent":0,"menu_order":0,"comment_status":"closed","ping_status":"closed","template":"elementor_canvas","meta":{"footnotes":""},"class_list":["post-9","page","type-page","status-publish","hentry"],"yoast_head":"<!-- This site is optimized with the Yoast SEO plugin v27.4 - https:\/\/yoast.com\/product\/yoast-seo-wordpress\/ -->\n<title>Inicio - Bar el Canal<\/title>\n<meta name=\"robots\" content=\"index, follow, max-snippet:-1, max-image-preview:large, max-video-preview:-1\" \/>\n<link rel=\"canonical\" href=\"https:\/\/barelcanal.com\/eu\/\" \/>\n<meta property=\"og:locale\" content=\"en_US\" \/>\n<meta property=\"og:type\" content=\"article\" \/>\n<meta property=\"og:title\" content=\"Inicio - Bar el Canal\" \/>\n<meta property=\"og:description\" content=\"As\u00ed somos: Un bar de tapas con m\u00e1s de 40 a\u00f1os de historia, un lugar de encuentro donde se mezclan tradici\u00f3n, cercan\u00eda y buen ambiente. Desde nuestros inicios hemos sido un punto de referencia para quienes buscan disfrutar de un rato agradable, ya sea para una parada r\u00e1pida o para compartir sin prisas. Hace tres [&hellip;]\" \/>\n<meta property=\"og:url\" content=\"https:\/\/barelcanal.com\/eu\/\" \/>\n<meta property=\"og:site_name\" content=\"Bar el Canal\" \/>\n<meta property=\"article:modified_time\" content=\"2026-01-28T16:25:33+00:00\" \/>\n<meta property=\"og:image\" content=\"https:\/\/barelcanal.com\/wp-content\/uploads\/2026\/01\/WhatsApp-Image-2026-01-28-at-14.15.24.jpeg\" \/>\n<meta name=\"twitter:card\" content=\"summary_large_image\" \/>\n<meta name=\"twitter:label1\" content=\"Est. reading time\" \/>\n\t<meta name=\"twitter:data1\" content=\"1 minutua\" \/>\n<script type=\"application\/ld+json\" class=\"yoast-schema-graph\">{\"@context\":\"https:\\\/\\\/schema.org\",\"@graph\":[{\"@type\":\"WebPage\",\"@id\":\"https:\\\/\\\/barelcanal.com\\\/\",\"url\":\"https:\\\/\\\/barelcanal.com\\\/\",\"name\":\"Inicio - Bar el Canal\",\"isPartOf\":{\"@id\":\"https:\\\/\\\/barelcanal.com\\\/#website\"},\"primaryImageOfPage\":{\"@id\":\"https:\\\/\\\/barelcanal.com\\\/#primaryimage\"},\"image\":{\"@id\":\"https:\\\/\\\/barelcanal.com\\\/#primaryimage\"},\"thumbnailUrl\":\"https:\\\/\\\/barelcanal.com\\\/wp-content\\\/uploads\\\/2026\\\/01\\\/WhatsApp-Image-2026-01-28-at-14.15.24.jpeg\",\"datePublished\":\"2026-01-26T15:55:00+00:00\",\"dateModified\":\"2026-01-28T16:25:33+00:00\",\"breadcrumb\":{\"@id\":\"https:\\\/\\\/barelcanal.com\\\/#breadcrumb\"},\"inLanguage\":\"eu\",\"potentialAction\":[{\"@type\":\"ReadAction\",\"target\":[\"https:\\\/\\\/barelcanal.com\\\/\"]}]},{\"@type\":\"ImageObject\",\"inLanguage\":\"eu\",\"@id\":\"https:\\\/\\\/barelcanal.com\\\/#primaryimage\",\"url\":\"https:\\\/\\\/barelcanal.com\\\/wp-content\\\/uploads\\\/2026\\\/01\\\/WhatsApp-Image-2026-01-28-at-14.15.24.jpeg\",\"contentUrl\":\"https:\\\/\\\/barelcanal.com\\\/wp-content\\\/uploads\\\/2026\\\/01\\\/WhatsApp-Image-2026-01-28-at-14.15.24.jpeg\"},{\"@type\":\"BreadcrumbList\",\"@id\":\"https:\\\/\\\/barelcanal.com\\\/#breadcrumb\",\"itemListElement\":[{\"@type\":\"ListItem\",\"position\":1,\"name\":\"Portada\",\"item\":\"https:\\\/\\\/barelcanal.com\\\/\"},{\"@type\":\"ListItem\",\"position\":2,\"name\":\"Inicio\"}]},{\"@type\":\"WebSite\",\"@id\":\"https:\\\/\\\/barelcanal.com\\\/#website\",\"url\":\"https:\\\/\\\/barelcanal.com\\\/\",\"name\":\"Bar el Canal\",\"description\":\"Bar de tapas\",\"publisher\":{\"@id\":\"https:\\\/\\\/barelcanal.com\\\/#organization\"},\"potentialAction\":[{\"@type\":\"SearchAction\",\"target\":{\"@type\":\"EntryPoint\",\"urlTemplate\":\"https:\\\/\\\/barelcanal.com\\\/?s={search_term_string}\"},\"query-input\":{\"@type\":\"PropertyValueSpecification\",\"valueRequired\":true,\"valueName\":\"search_term_string\"}}],\"inLanguage\":\"eu\"},{\"@type\":\"Organization\",\"@id\":\"https:\\\/\\\/barelcanal.com\\\/#organization\",\"name\":\"Bar el Canal\",\"url\":\"https:\\\/\\\/barelcanal.com\\\/\",\"logo\":{\"@type\":\"ImageObject\",\"inLanguage\":\"eu\",\"@id\":\"https:\\\/\\\/barelcanal.com\\\/#\\\/schema\\\/logo\\\/image\\\/\",\"url\":\"https:\\\/\\\/barelcanal.com\\\/wp-content\\\/uploads\\\/2026\\\/01\\\/cropped-barelcanal202512_logo_web.png\",\"contentUrl\":\"https:\\\/\\\/barelcanal.com\\\/wp-content\\\/uploads\\\/2026\\\/01\\\/cropped-barelcanal202512_logo_web.png\",\"width\":1080,\"height\":559,\"caption\":\"Bar el Canal\"},\"image\":{\"@id\":\"https:\\\/\\\/barelcanal.com\\\/#\\\/schema\\\/logo\\\/image\\\/\"}}]}<\/script>\n<!-- \/ Yoast SEO plugin. -->","yoast_head_json":{"title":"Inicio - Bar el Canal","robots":{"index":"index","follow":"follow","max-snippet":"max-snippet:-1","max-image-preview":"max-image-preview:large","max-video-preview":"max-video-preview:-1"},"canonical":"https:\/\/barelcanal.com\/eu\/","og_locale":"en_US","og_type":"article","og_title":"Inicio - Bar el Canal","og_description":"As\u00ed somos: Un bar de tapas con m\u00e1s de 40 a\u00f1os de historia, un lugar de encuentro donde se mezclan tradici\u00f3n, cercan\u00eda y buen ambiente. Desde nuestros inicios hemos sido un punto de referencia para quienes buscan disfrutar de un rato agradable, ya sea para una parada r\u00e1pida o para compartir sin prisas. Hace tres [&hellip;]","og_url":"https:\/\/barelcanal.com\/eu\/","og_site_name":"Bar el Canal","article_modified_time":"2026-01-28T16:25:33+00:00","og_image":[{"url":"https:\/\/barelcanal.com\/wp-content\/uploads\/2026\/01\/WhatsApp-Image-2026-01-28-at-14.15.24.jpeg","type":"","width":"","height":""}],"twitter_card":"summary_large_image","twitter_misc":{"Est. reading time":"1 minutua"},"schema":{"@context":"https:\/\/schema.org","@graph":[{"@type":"WebPage","@id":"https:\/\/barelcanal.com\/","url":"https:\/\/barelcanal.com\/","name":"Inicio - Bar el Canal","isPartOf":{"@id":"https:\/\/barelcanal.com\/#website"},"primaryImageOfPage":{"@id":"https:\/\/barelcanal.com\/#primaryimage"},"image":{"@id":"https:\/\/barelcanal.com\/#primaryimage"},"thumbnailUrl":"https:\/\/barelcanal.com\/wp-content\/uploads\/2026\/01\/WhatsApp-Image-2026-01-28-at-14.15.24.jpeg","datePublished":"2026-01-26T15:55:00+00:00","dateModified":"2026-01-28T16:25:33+00:00","breadcrumb":{"@id":"https:\/\/barelcanal.com\/#breadcrumb"},"inLanguage":"eu","potentialAction":[{"@type":"ReadAction","target":["https:\/\/barelcanal.com\/"]}]},{"@type":"ImageObject","inLanguage":"eu","@id":"https:\/\/barelcanal.com\/#primaryimage","url":"https:\/\/barelcanal.com\/wp-content\/uploads\/2026\/01\/WhatsApp-Image-2026-01-28-at-14.15.24.jpeg","contentUrl":"https:\/\/barelcanal.com\/wp-content\/uploads\/2026\/01\/WhatsApp-Image-2026-01-28-at-14.15.24.jpeg"},{"@type":"BreadcrumbList","@id":"https:\/\/barelcanal.com\/#breadcrumb","itemListElement":[{"@type":"ListItem","position":1,"name":"Portada","item":"https:\/\/barelcanal.com\/"},{"@type":"ListItem","position":2,"name":"Inicio"}]},{"@type":"WebSite","@id":"https:\/\/barelcanal.com\/#website","url":"https:\/\/barelcanal.com\/","name":"Bar el Canal","description":"Bar de tapas","publisher":{"@id":"https:\/\/barelcanal.com\/#organization"},"potentialAction":[{"@type":"SearchAction","target":{"@type":"EntryPoint","urlTemplate":"https:\/\/barelcanal.com\/?s={search_term_string}"},"query-input":{"@type":"PropertyValueSpecification","valueRequired":true,"valueName":"search_term_string"}}],"inLanguage":"eu"},{"@type":"Organization","@id":"https:\/\/barelcanal.com\/#organization","name":"Bar el Canal","url":"https:\/\/barelcanal.com\/","logo":{"@type":"ImageObject","inLanguage":"eu","@id":"https:\/\/barelcanal.com\/#\/schema\/logo\/image\/","url":"https:\/\/barelcanal.com\/wp-content\/uploads\/2026\/01\/cropped-barelcanal202512_logo_web.png","contentUrl":"https:\/\/barelcanal.com\/wp-content\/uploads\/2026\/01\/cropped-barelcanal202512_logo_web.png","width":1080,"height":559,"caption":"Bar el Canal"},"image":{"@id":"https:\/\/barelcanal.com\/#\/schema\/logo\/image\/"}}]}},"_links":{"self":[{"href":"https:\/\/barelcanal.com\/eu\/wp-json\/wp\/v2\/pages\/9","targetHints":{"allow":["GET"]}}],"collection":[{"href":"https:\/\/barelcanal.com\/eu\/wp-json\/wp\/v2\/pages"}],"about":[{"href":"https:\/\/barelcanal.com\/eu\/wp-json\/wp\/v2\/types\/page"}],"author":[{"embeddable":true,"href":"https:\/\/barelcanal.com\/eu\/wp-json\/wp\/v2\/users\/1"}],"replies":[{"embeddable":true,"href":"https:\/\/barelcanal.com\/eu\/wp-json\/wp\/v2\/comments?post=9"}],"version-history":[{"count":133,"href":"https:\/\/barelcanal.com\/eu\/wp-json\/wp\/v2\/pages\/9\/revisions"}],"predecessor-version":[{"id":325,"href":"https:\/\/barelcanal.com\/eu\/wp-json\/wp\/v2\/pages\/9\/revisions\/325"}],"wp:attachment":[{"href":"https:\/\/barelcanal.com\/eu\/wp-json\/wp\/v2\/media?parent=9"}],"curies":[{"name":"wp","href":"https:\/\/api.w.org\/{rel}","templated":true}]}}